{"id":333,"date":"2020-05-15T20:35:00","date_gmt":"2020-05-15T20:35:00","guid":{"rendered":"https:\/\/www.bttestonia.ee\/?page_id=333"},"modified":"2020-05-15T21:08:33","modified_gmt":"2020-05-15T21:08:33","slug":"gear","status":"publish","type":"page","link":"https:\/\/www.bttestonia.ee\/et\/gear\/","title":{"rendered":"gear"},"content":{"rendered":"<div data-elementor-type=\"wp-page\" data-elementor-id=\"333\" class=\"elementor elementor-333\" data-elementor-post-type=\"page\">\n\t\t\t\t\t\t<section class=\"elementor-section elementor-top-section elementor-element elementor-element-2aab255 elementor-section-boxed elementor-section-height-default elementor-section-height-default\" data-id=\"2aab255\" data-element_type=\"section\">\n\t\t\t\t\t\t<div class=\"elementor-container elementor-column-gap-default\">\n\t\t\t\t\t<div class=\"elementor-column elementor-col-100 elementor-top-column elementor-element elementor-element-33436b7\" data-id=\"33436b7\" data-element_type=\"column\">\n\t\t\t<div class=\"elementor-widget-wrap elementor-element-populated\">\n\t\t\t\t\t\t<div class=\"elementor-element elementor-element-a6407d7 elementor-widget elementor-widget-spacer\" data-id=\"a6407d7\" data-element_type=\"widget\" data-widget_type=\"spacer.default\">\n\t\t\t\t<div class=\"elementor-widget-container\">\n\t\t\t\t\t<div class=\"elementor-spacer\">\n\t\t\t<div class=\"elementor-spacer-inner\"><\/div>\n\t\t<\/div>\n\t\t\t\t<\/div>\n\t\t\t\t<\/div>\n\t\t\t\t\t<\/div>\n\t\t<\/div>\n\t\t\t\t\t<\/div>\n\t\t<\/section>\n\t\t\t\t<section class=\"elementor-section elementor-top-section elementor-element elementor-element-57c6b38 elementor-section-boxed elementor-section-height-default elementor-section-height-default\" data-id=\"57c6b38\" data-element_type=\"section\">\n\t\t\t\t\t\t<div class=\"elementor-container elementor-column-gap-default\">\n\t\t\t\t\t<div class=\"elementor-column elementor-col-100 elementor-top-column elementor-element elementor-element-1015fbc\" data-id=\"1015fbc\" data-element_type=\"column\">\n\t\t\t<div class=\"elementor-widget-wrap elementor-element-populated\">\n\t\t\t\t\t\t<div class=\"elementor-element elementor-element-29ea1cd elementor-widget elementor-widget-heading\" data-id=\"29ea1cd\" data-element_type=\"widget\" data-widget_type=\"heading.default\">\n\t\t\t\t<div class=\"elementor-widget-container\">\n\t\t\t<h2 class=\"elementor-heading-title elementor-size-default\">BRAZILIAN TOP TEAM VARUSTUS<\/h2>\t\t<\/div>\n\t\t\t\t<\/div>\n\t\t\t\t\t<\/div>\n\t\t<\/div>\n\t\t\t\t\t<\/div>\n\t\t<\/section>\n\t\t\t\t<section class=\"elementor-section elementor-top-section elementor-element elementor-element-3e26c46 elementor-section-boxed elementor-section-height-default elementor-section-height-default\" data-id=\"3e26c46\" data-element_type=\"section\">\n\t\t\t\t\t\t<div class=\"elementor-container elementor-column-gap-default\">\n\t\t\t\t\t<div class=\"elementor-column elementor-col-100 elementor-top-column elementor-element elementor-element-22d04b5\" data-id=\"22d04b5\" data-element_type=\"column\">\n\t\t\t<div class=\"elementor-widget-wrap elementor-element-populated\">\n\t\t\t\t\t\t<div class=\"elementor-element elementor-element-a3093d7 elementor-position-left elementor-vertical-align-middle elementor-widget elementor-widget-image-box\" data-id=\"a3093d7\" data-element_type=\"widget\" data-widget_type=\"image-box.default\">\n\t\t\t\t<div class=\"elementor-widget-container\">\n\t\t\t<div class=\"elementor-image-box-wrapper\"><figure class=\"elementor-image-box-img\"><img fetchpriority=\"high\" decoding=\"async\" width=\"1600\" height=\"1457\" src=\"https:\/\/www.bttestonia.ee\/wp-content\/uploads\/2020\/05\/BTT_Colored_Gis_0001_fuji__btt__8503__front__1_1600x1600.jpg\" class=\"attachment-full size-full wp-image-335\" alt=\"\" srcset=\"https:\/\/www.bttestonia.ee\/wp-content\/uploads\/2020\/05\/BTT_Colored_Gis_0001_fuji__btt__8503__front__1_1600x1600.jpg 1600w, https:\/\/www.bttestonia.ee\/wp-content\/uploads\/2020\/05\/BTT_Colored_Gis_0001_fuji__btt__8503__front__1_1600x1600-300x273.jpg 300w, https:\/\/www.bttestonia.ee\/wp-content\/uploads\/2020\/05\/BTT_Colored_Gis_0001_fuji__btt__8503__front__1_1600x1600-1024x932.jpg 1024w, https:\/\/www.bttestonia.ee\/wp-content\/uploads\/2020\/05\/BTT_Colored_Gis_0001_fuji__btt__8503__front__1_1600x1600-768x699.jpg 768w, https:\/\/www.bttestonia.ee\/wp-content\/uploads\/2020\/05\/BTT_Colored_Gis_0001_fuji__btt__8503__front__1_1600x1600-1536x1399.jpg 1536w\" sizes=\"(max-width: 1600px) 100vw, 1600px\" \/><\/figure><div class=\"elementor-image-box-content\"><h3 class=\"elementor-image-box-title\">BTT must gi<\/h3><p class=\"elementor-image-box-description\">Need mugavad gid on disainitud treenimiseks ja v\u00f5istlusteks. Valmistatud mugavust ja vastupidavust silmas pidades, v\u00f5id kindel olla, et seda gi-d j\u00e4tkub aastateks.\n<br><br>\n\u25c6 Brazilian Top Team eridisain<br>\n\u25c6 pearl weave mustriga jakk<br>\n\u25c6 tugevdatud p\u00fcksid<br>\n\u25c6 j\u00e4ik krae<br>\n\u25c6 IBJJF heakskiit<br><\/p><\/div><\/div>\t\t<\/div>\n\t\t\t\t<\/div>\n\t\t\t\t<div class=\"elementor-element elementor-element-9b94615 elementor-position-left elementor-vertical-align-middle elementor-widget elementor-widget-image-box\" data-id=\"9b94615\" data-element_type=\"widget\" data-widget_type=\"image-box.default\">\n\t\t\t\t<div class=\"elementor-widget-container\">\n\t\t\t<div class=\"elementor-image-box-wrapper\"><figure class=\"elementor-image-box-img\"><img decoding=\"async\" width=\"1600\" height=\"1457\" src=\"https:\/\/www.bttestonia.ee\/wp-content\/uploads\/2020\/05\/BTT_Colored_Gis_0005_fuji__btt__8502__front__1_1600x1600.jpg\" class=\"attachment-full size-full wp-image-336\" alt=\"\" srcset=\"https:\/\/www.bttestonia.ee\/wp-content\/uploads\/2020\/05\/BTT_Colored_Gis_0005_fuji__btt__8502__front__1_1600x1600.jpg 1600w, https:\/\/www.bttestonia.ee\/wp-content\/uploads\/2020\/05\/BTT_Colored_Gis_0005_fuji__btt__8502__front__1_1600x1600-300x273.jpg 300w, https:\/\/www.bttestonia.ee\/wp-content\/uploads\/2020\/05\/BTT_Colored_Gis_0005_fuji__btt__8502__front__1_1600x1600-1024x932.jpg 1024w, https:\/\/www.bttestonia.ee\/wp-content\/uploads\/2020\/05\/BTT_Colored_Gis_0005_fuji__btt__8502__front__1_1600x1600-768x699.jpg 768w, https:\/\/www.bttestonia.ee\/wp-content\/uploads\/2020\/05\/BTT_Colored_Gis_0005_fuji__btt__8502__front__1_1600x1600-1536x1399.jpg 1536w\" sizes=\"(max-width: 1600px) 100vw, 1600px\" \/><\/figure><div class=\"elementor-image-box-content\"><h3 class=\"elementor-image-box-title\">BTT sinine gi<\/h3><p class=\"elementor-image-box-description\">Need mugavad gid on disainitud treenimiseks ja v\u00f5istlusteks. Valmistatud mugavust ja vastupidavust silmas pidades, v\u00f5id kindel olla, et seda gi-d j\u00e4tkub aastateks.\n<br><br>\n\u25c6 Brazilian Top Team eridisain<br>\n\u25c6 pearl weave mustriga jakk<br>\n\u25c6 tugevdatud p\u00fcksid<br>\n\u25c6 j\u00e4ik krae<br>\n\u25c6 IBJJF heakskiit<br><\/p><\/div><\/div>\t\t<\/div>\n\t\t\t\t<\/div>\n\t\t\t\t<div class=\"elementor-element elementor-element-169aa45 elementor-position-left elementor-vertical-align-middle elementor-widget elementor-widget-image-box\" data-id=\"169aa45\" data-element_type=\"widget\" data-widget_type=\"image-box.default\">\n\t\t\t\t<div class=\"elementor-widget-container\">\n\t\t\t<div class=\"elementor-image-box-wrapper\"><figure class=\"elementor-image-box-img\"><img decoding=\"async\" width=\"1600\" height=\"1457\" src=\"https:\/\/www.bttestonia.ee\/wp-content\/uploads\/2020\/05\/BTT_White_Gi_0001_fuji__btt__8500__front__1_1600x1600.jpg\" class=\"attachment-full size-full wp-image-341\" alt=\"\" srcset=\"https:\/\/www.bttestonia.ee\/wp-content\/uploads\/2020\/05\/BTT_White_Gi_0001_fuji__btt__8500__front__1_1600x1600.jpg 1600w, https:\/\/www.bttestonia.ee\/wp-content\/uploads\/2020\/05\/BTT_White_Gi_0001_fuji__btt__8500__front__1_1600x1600-300x273.jpg 300w, https:\/\/www.bttestonia.ee\/wp-content\/uploads\/2020\/05\/BTT_White_Gi_0001_fuji__btt__8500__front__1_1600x1600-1024x932.jpg 1024w, https:\/\/www.bttestonia.ee\/wp-content\/uploads\/2020\/05\/BTT_White_Gi_0001_fuji__btt__8500__front__1_1600x1600-768x699.jpg 768w, https:\/\/www.bttestonia.ee\/wp-content\/uploads\/2020\/05\/BTT_White_Gi_0001_fuji__btt__8500__front__1_1600x1600-1536x1399.jpg 1536w\" sizes=\"(max-width: 1600px) 100vw, 1600px\" \/><\/figure><div class=\"elementor-image-box-content\"><h3 class=\"elementor-image-box-title\">BTT valge gi<\/h3><p class=\"elementor-image-box-description\">Need mugavad gid on disainitud treenimiseks ja v\u00f5istlusteks. Valmistatud mugavust ja vastupidavust silmas pidades, v\u00f5id kindel olla, et seda gi-d j\u00e4tkub aastateks.\n<br><br>\n\u25c6 Brazilian Top Team eridisain<br>\n\u25c6 pearl weave mustriga jakk<br>\n\u25c6 tugevdatud p\u00fcksid<br>\n\u25c6 j\u00e4ik krae<br>\n\u25c6 IBJJF heakskiit<br><\/p><\/div><\/div>\t\t<\/div>\n\t\t\t\t<\/div>\n\t\t\t\t<div class=\"elementor-element elementor-element-ed6200e elementor-position-left elementor-vertical-align-middle elementor-widget elementor-widget-image-box\" data-id=\"ed6200e\" data-element_type=\"widget\" data-widget_type=\"image-box.default\">\n\t\t\t\t<div class=\"elementor-widget-container\">\n\t\t\t<div class=\"elementor-image-box-wrapper\"><figure class=\"elementor-image-box-img\"><img loading=\"lazy\" decoding=\"async\" width=\"1600\" height=\"1457\" src=\"https:\/\/www.bttestonia.ee\/wp-content\/uploads\/2020\/05\/BTT_Rashguard_0006_fuji__btt__4302__front__1_1600x1600.jpg\" class=\"attachment-full size-full wp-image-337\" alt=\"\" srcset=\"https:\/\/www.bttestonia.ee\/wp-content\/uploads\/2020\/05\/BTT_Rashguard_0006_fuji__btt__4302__front__1_1600x1600.jpg 1600w, https:\/\/www.bttestonia.ee\/wp-content\/uploads\/2020\/05\/BTT_Rashguard_0006_fuji__btt__4302__front__1_1600x1600-300x273.jpg 300w, https:\/\/www.bttestonia.ee\/wp-content\/uploads\/2020\/05\/BTT_Rashguard_0006_fuji__btt__4302__front__1_1600x1600-1024x932.jpg 1024w, https:\/\/www.bttestonia.ee\/wp-content\/uploads\/2020\/05\/BTT_Rashguard_0006_fuji__btt__4302__front__1_1600x1600-768x699.jpg 768w, https:\/\/www.bttestonia.ee\/wp-content\/uploads\/2020\/05\/BTT_Rashguard_0006_fuji__btt__4302__front__1_1600x1600-1536x1399.jpg 1536w\" sizes=\"(max-width: 1600px) 100vw, 1600px\" \/><\/figure><div class=\"elementor-image-box-content\"><h3 class=\"elementor-image-box-title\">BTT v\u00f6\u00f6tasemega pika varrukaga \"rashguard\"<\/h3><p class=\"elementor-image-box-description\">Need rashguardid on disainitud treeninguteks ja v\u00f5istlusteks. V\u00e4ga mugavad ja vastupidavad.\n<br><br>\n\u25c6 IBJJF heakskiit v\u00f5istlemiseks<br>\n\u25c6 mugav keskmise raskusega pol\u00fcestri\/elastaani segu antibakteriaalse tehnoloogiaga<br>\n\u25c6 mugav istuvus mis ei takista liikuvust<br>\n\u25c6 materjal pakub termoregulatsiooni nii treenides kui puhates<br>\n\u25c6 kiududesse immutatud graafika ei haju ega kooru<br>\n\u25c6 saadaval pika ja l\u00fchikese varrukaga<br>\n\u25c6 rashguard igale v\u00f6\u00f6tasemele: valge, sinine, lilla, pruun ja must!<\/p><\/div><\/div>\t\t<\/div>\n\t\t\t\t<\/div>\n\t\t\t\t<div class=\"elementor-element elementor-element-647a54d elementor-position-left elementor-vertical-align-middle elementor-widget elementor-widget-image-box\" data-id=\"647a54d\" data-element_type=\"widget\" data-widget_type=\"image-box.default\">\n\t\t\t\t<div class=\"elementor-widget-container\">\n\t\t\t<div class=\"elementor-image-box-wrapper\"><figure class=\"elementor-image-box-img\"><img loading=\"lazy\" decoding=\"async\" width=\"1600\" height=\"1457\" src=\"https:\/\/www.bttestonia.ee\/wp-content\/uploads\/2020\/05\/BTT_Shorts_0003_1_2_18_1600x1600.jpg\" class=\"attachment-full size-full wp-image-340\" alt=\"\" srcset=\"https:\/\/www.bttestonia.ee\/wp-content\/uploads\/2020\/05\/BTT_Shorts_0003_1_2_18_1600x1600.jpg 1600w, https:\/\/www.bttestonia.ee\/wp-content\/uploads\/2020\/05\/BTT_Shorts_0003_1_2_18_1600x1600-300x273.jpg 300w, https:\/\/www.bttestonia.ee\/wp-content\/uploads\/2020\/05\/BTT_Shorts_0003_1_2_18_1600x1600-1024x932.jpg 1024w, https:\/\/www.bttestonia.ee\/wp-content\/uploads\/2020\/05\/BTT_Shorts_0003_1_2_18_1600x1600-768x699.jpg 768w, https:\/\/www.bttestonia.ee\/wp-content\/uploads\/2020\/05\/BTT_Shorts_0003_1_2_18_1600x1600-1536x1399.jpg 1536w\" sizes=\"(max-width: 1600px) 100vw, 1600px\" \/><\/figure><div class=\"elementor-image-box-content\"><h3 class=\"elementor-image-box-title\">BTT v\u00f5itlusp\u00fcksid<\/h3><p class=\"elementor-image-box-description\">\u00dcmberdisainitud BTT v\u00f5tlusp\u00fcksid on BJJ stiilis laiad l\u00fchikesed p\u00fcksid, mis on valmistatud \u00fclikergekaalulisest pol\u00fcestri segust. T\u00e4pselt \u00f5ige venivusega. BTT p\u00fcksid on disainitud maksimaalset mugavust ja liikuvusvabadust silmas pidades. V\u00f6\u00f6koht kinnitatav takjapaelaga ja lisapingutus n\u00f6\u00f6ridega.\n<br><br>\n\u25c6 BJJ ja maadluse stiilis laiad l\u00fchkarid<br>\n\u25c6 ultra-kerge 4-suunalise venivusega vastupidav kangas<br>\n\u25c6 sisemine pingutuspael ja takjapael<br>\n\u25c6 360 kraadi \"strech flex\" tagab t\u00e4isulatuses liikuvuse<br>\n\u25c6 sublimatsioontr\u00fckis BTT logo, mis ei m\u00f5rane, kooru ega kulu<\/p><\/div><\/div>\t\t<\/div>\n\t\t\t\t<\/div>\n\t\t\t\t\t<\/div>\n\t\t<\/div>\n\t\t\t\t\t<\/div>\n\t\t<\/section>\n\t\t\t\t<section class=\"elementor-section elementor-top-section elementor-element elementor-element-4a5d533 elementor-section-boxed elementor-section-height-default elementor-section-height-default\" data-id=\"4a5d533\" data-element_type=\"section\">\n\t\t\t\t\t\t<div class=\"elementor-container elementor-column-gap-default\">\n\t\t\t\t\t<div class=\"elementor-column elementor-col-100 elementor-top-column elementor-element elementor-element-a194b1c\" data-id=\"a194b1c\" data-element_type=\"column\">\n\t\t\t<div class=\"elementor-widget-wrap elementor-element-populated\">\n\t\t\t\t\t\t<div class=\"elementor-element elementor-element-67a1c6d elementor-align-center elementor-widget elementor-widget-global elementor-global-361 elementor-widget-button\" data-id=\"67a1c6d\" data-element_type=\"widget\" data-widget_type=\"button.default\">\n\t\t\t\t<div class=\"elementor-widget-container\">\n\t\t\t\t\t<div class=\"elementor-button-wrapper\">\n\t\t\t<a class=\"elementor-button elementor-button-link elementor-size-md\" href=\"https:\/\/www.bttestonia.ee\/et\">\n\t\t\t\t\t\t<span class=\"elementor-button-content-wrapper\">\n\t\t\t\t\t\t<span class=\"elementor-button-icon elementor-align-icon-left\">\n\t\t\t\t<i aria-hidden=\"true\" class=\"fas fa-arrow-left\"><\/i>\t\t\t<\/span>\n\t\t\t\t\t\t\t\t\t<span class=\"elementor-button-text\">TAGASI<\/span>\n\t\t\t\t\t<\/span>\n\t\t\t\t\t<\/a>\n\t\t<\/div>\n\t\t\t\t<\/div>\n\t\t\t\t<\/div>\n\t\t\t\t\t<\/div>\n\t\t<\/div>\n\t\t\t\t\t<\/div>\n\t\t<\/section>\n\t\t\t\t<\/div>","protected":false},"excerpt":{"rendered":"<p>BRAZILIAN TOP TEAM GEAR BTT Black Gi These comfortable gis are designed for training and competition. Built for comfort and durability, you can expect years of use out of this gi. \u25c6 Custom BTT gi design \u25c6 Pearl weave jacket \u25c6 Reinforced pants \u25c6 Stiff collar \u25c6 IBJJF Approved BTT Blue Gi These comfortable gis [&hellip;]<\/p>","protected":false},"author":1,"featured_media":0,"parent":0,"menu_order":0,"comment_status":"closed","ping_status":"closed","template":"","meta":{"footnotes":""},"_links":{"self":[{"href":"https:\/\/www.bttestonia.ee\/et\/wp-json\/wp\/v2\/pages\/333"}],"collection":[{"href":"https:\/\/www.bttestonia.ee\/et\/wp-json\/wp\/v2\/pages"}],"about":[{"href":"https:\/\/www.bttestonia.ee\/et\/wp-json\/wp\/v2\/types\/page"}],"author":[{"embeddable":true,"href":"https:\/\/www.bttestonia.ee\/et\/wp-json\/wp\/v2\/users\/1"}],"replies":[{"embeddable":true,"href":"https:\/\/www.bttestonia.ee\/et\/wp-json\/wp\/v2\/comments?post=333"}],"version-history":[{"count":13,"href":"https:\/\/www.bttestonia.ee\/et\/wp-json\/wp\/v2\/pages\/333\/revisions"}],"predecessor-version":[{"id":368,"href":"https:\/\/www.bttestonia.ee\/et\/wp-json\/wp\/v2\/pages\/333\/revisions\/368"}],"wp:attachment":[{"href":"https:\/\/www.bttestonia.ee\/et\/wp-json\/wp\/v2\/media?parent=333"}],"curies":[{"name":"wp","href":"https:\/\/api.w.org\/{rel}","templated":true}]}}